{"id":65,"date":"2019-12-18T13:41:33","date_gmt":"2019-12-18T13:41:33","guid":{"rendered":"https:\/\/mulino.com\/?page_id=65"},"modified":"2020-01-02T17:14:33","modified_gmt":"2020-01-02T17:14:33","slug":"sport","status":"publish","type":"page","link":"https:\/\/mulino.com\/?page_id=65","title":{"rendered":"Sport"},"content":{"rendered":"\n<div class=\"wp-block-image is-style-default\"><figure class=\"alignright size-large\"><img loading=\"lazy\" decoding=\"async\" width=\"270\" height=\"148\" src=\"https:\/\/mulino.com\/wp-content\/uploads\/2019\/12\/tennis-2.jpg\" alt=\"\" class=\"wp-image-129\"\/><\/figure><\/div>\n\n\n\n<div class=\"wp-block-group\"><div class=\"wp-block-group__inner-container is-layout-flow wp-block-group-is-layout-flow\">\n<div class=\"wp-block-group\"><div class=\"wp-block-group__inner-container is-layout-flow wp-block-group-is-layout-flow\">\n<p><strong>Nelle strutture del residence il Mulino sono compresi piscina,campo da tennis e attrezzature per praticare le vostre attivit\u00e0 preferite (calcio, pallavolo&#8230;). Un ampio parco vi permetter\u00e0 anche ampia libert\u00e0 per la vostra ginnastica mattutina e consentir\u00e0 ai vostri figli di giocare in tutta sicurezza in un ambiente sano ed incontaminato. Numerosi sono anche gli impianti sportivi offerti dai comuni limitrofi. Occasione magnifica di migliorare il proprio corpo ed il proprio spirito.<\/strong><\/p>\n<\/div><\/div>\n<\/div><\/div>\n\n\n\n<div class=\"wp-block-image is-style-default\"><figure class=\"alignleft size-large is-resized\"><img loading=\"lazy\" decoding=\"async\" src=\"https:\/\/mulino.com\/wp-content\/uploads\/2019\/12\/BUONA3-1024x576.jpg\" alt=\"\" class=\"wp-image-126\" width=\"888\" height=\"500\" srcset=\"https:\/\/mulino.com\/wp-content\/uploads\/2019\/12\/BUONA3-1024x576.jpg 1024w, https:\/\/mulino.com\/wp-content\/uploads\/2019\/12\/BUONA3-300x169.jpg 300w, https:\/\/mulino.com\/wp-content\/uploads\/2019\/12\/BUONA3-768x432.jpg 768w, https:\/\/mulino.com\/wp-content\/uploads\/2019\/12\/BUONA3.jpg 1366w\" sizes=\"auto, (max-width: 888px) 100vw, 888px\" \/><\/figure><\/div>\n","protected":false},"excerpt":{"rendered":"<p>Nelle strutture del residence il Mulino sono compresi piscina,campo da tennis e attrezzature per praticare le vostre attivit\u00e0 preferite (calcio, pallavolo&#8230;). Un ampio parco vi permetter\u00e0 anche ampia libert\u00e0 per la vostra ginnastica mattutina e consentir\u00e0 ai vostri figli di giocare in tutta sicurezza in un ambiente sano ed incontaminato. Numerosi sono anche gli impianti [&hellip;]<\/p>\n","protected":false},"author":2,"featured_media":0,"parent":0,"menu_order":0,"comment_status":"closed","ping_status":"closed","template":"","meta":{"footnotes":""},"class_list":["post-65","page","type-page","status-publish","hentry"],"_links":{"self":[{"href":"https:\/\/mulino.com\/index.php?rest_route=\/wp\/v2\/pages\/65","targetHints":{"allow":["GET"]}}],"collection":[{"href":"https:\/\/mulino.com\/index.php?rest_route=\/wp\/v2\/pages"}],"about":[{"href":"https:\/\/mulino.com\/index.php?rest_route=\/wp\/v2\/types\/page"}],"author":[{"embeddable":true,"href":"https:\/\/mulino.com\/index.php?rest_route=\/wp\/v2\/users\/2"}],"replies":[{"embeddable":true,"href":"https:\/\/mulino.com\/index.php?rest_route=%2Fwp%2Fv2%2Fcomments&post=65"}],"version-history":[{"count":7,"href":"https:\/\/mulino.com\/index.php?rest_route=\/wp\/v2\/pages\/65\/revisions"}],"predecessor-version":[{"id":223,"href":"https:\/\/mulino.com\/index.php?rest_route=\/wp\/v2\/pages\/65\/revisions\/223"}],"wp:attachment":[{"href":"https:\/\/mulino.com\/index.php?rest_route=%2Fwp%2Fv2%2Fmedia&parent=65"}],"curies":[{"name":"wp","href":"https:\/\/api.w.org\/{rel}","templated":true}]}}