{"id":2,"date":"2016-05-10T03:48:21","date_gmt":"2016-05-10T03:48:21","guid":{"rendered":"https:\/\/mulino.com\/?page_id=2"},"modified":"2019-12-20T12:13:06","modified_gmt":"2019-12-20T12:13:06","slug":"sample-page","status":"publish","type":"page","link":"https:\/\/mulino.com\/","title":{"rendered":"Home"},"content":{"rendered":"\n<div class=\"wp-block-image is-style-default\"><figure class=\"alignright size-large\"><img loading=\"lazy\" decoding=\"async\" width=\"306\" height=\"231\" src=\"https:\/\/mulino.com\/wp-content\/uploads\/2019\/12\/casap.jpg\" alt=\"\" class=\"wp-image-8\" srcset=\"https:\/\/mulino.com\/wp-content\/uploads\/2019\/12\/casap.jpg 306w, https:\/\/mulino.com\/wp-content\/uploads\/2019\/12\/casap-300x226.jpg 300w\" sizes=\"auto, (max-width: 306px) 100vw, 306px\" \/><\/figure><\/div>\n\n\n\n<p><strong> Il residence &#8220;Il Mulino&#8221; si trova a Km.5 dall&#8217;uscita della superstrada E45 che consente di raggiungere facilmente i principali centri turistici della regione famosi in Italia e nel mondo per le loro ricchezze monumentali ed artistiche, per le innumerevoli manifestazioni culturali e di rievocazione storica che vi si svolgono. (Assisi, Perugia, Citt\u00e0 di Castello, Gubbio distano circa 30 Km, il Lago Trasimento Km 40). &#8220;Il Mulino&#8221; \u00e8 immerso nel verde:variet\u00e0 di alti alberi assicurano, con le loro dense fronde, un piacevole riposo, un&#8217;aria ossigenata e tersa, nel silenzio si pu\u00f2 acoltare la voce della natura o si possono svolgere attivit\u00e0 sportive.<\/strong><\/p>\n\n\n\n<figure class=\"wp-block-image size-large\"><img loading=\"lazy\" decoding=\"async\" width=\"305\" height=\"230\" src=\"https:\/\/mulino.com\/wp-content\/uploads\/2019\/12\/prato00.jpg\" alt=\"\" class=\"wp-image-9\" srcset=\"https:\/\/mulino.com\/wp-content\/uploads\/2019\/12\/prato00.jpg 305w, https:\/\/mulino.com\/wp-content\/uploads\/2019\/12\/prato00-300x226.jpg 300w\" sizes=\"auto, (max-width: 305px) 100vw, 305px\" \/><\/figure>\n","protected":false},"excerpt":{"rendered":"<p>Il residence &#8220;Il Mulino&#8221; si trova a Km.5 dall&#8217;uscita della superstrada E45 che consente di raggiungere facilmente i principali centri turistici della regione famosi in Italia e nel mondo per le loro ricchezze monumentali ed artistiche, per le innumerevoli manifestazioni culturali e di rievocazione storica che vi si svolgono. (Assisi, Perugia, Citt\u00e0 di Castello, Gubbio [&hellip;]<\/p>\n","protected":false},"author":2,"featured_media":0,"parent":0,"menu_order":0,"comment_status":"closed","ping_status":"open","template":"","meta":{"footnotes":""},"class_list":["post-2","page","type-page","status-publish","hentry"],"_links":{"self":[{"href":"https:\/\/mulino.com\/index.php?rest_route=\/wp\/v2\/pages\/2","targetHints":{"allow":["GET"]}}],"collection":[{"href":"https:\/\/mulino.com\/index.php?rest_route=\/wp\/v2\/pages"}],"about":[{"href":"https:\/\/mulino.com\/index.php?rest_route=\/wp\/v2\/types\/page"}],"author":[{"embeddable":true,"href":"https:\/\/mulino.com\/index.php?rest_route=\/wp\/v2\/users\/2"}],"replies":[{"embeddable":true,"href":"https:\/\/mulino.com\/index.php?rest_route=%2Fwp%2Fv2%2Fcomments&post=2"}],"version-history":[{"count":5,"href":"https:\/\/mulino.com\/index.php?rest_route=\/wp\/v2\/pages\/2\/revisions"}],"predecessor-version":[{"id":164,"href":"https:\/\/mulino.com\/index.php?rest_route=\/wp\/v2\/pages\/2\/revisions\/164"}],"wp:attachment":[{"href":"https:\/\/mulino.com\/index.php?rest_route=%2Fwp%2Fv2%2Fmedia&parent=2"}],"curies":[{"name":"wp","href":"https:\/\/api.w.org\/{rel}","templated":true}]}}